{"id":730,"date":"2018-07-26T10:40:07","date_gmt":"2018-07-26T13:40:07","guid":{"rendered":"https:\/\/institutosuperiorfederal235-ers.infd.edu.ar\/sitio\/?page_id=730"},"modified":"2023-10-25T16:11:11","modified_gmt":"2023-10-25T19:11:11","slug":"ingresantes","status":"publish","type":"page","link":"https:\/\/institutosuperiorfederal235-ers.infd.edu.ar\/sitio\/estudiantes\/ingresantes\/","title":{"rendered":"Ingresantes"},"content":{"rendered":"<p style=\"text-align: center;\"><b>Formulario para solicitar informaci\u00f3n de las carreras 2024<\/b><\/p>\n<p style=\"text-align: center;\">\n<div class=\"wpcf7 no-js\" id=\"wpcf7-f895-o1\" lang=\"es-ES\" dir=\"ltr\">\n<div class=\"screen-reader-response\"><p role=\"status\" aria-live=\"polite\" aria-atomic=\"true\"><\/p> <ul><\/ul><\/div>\n<form action=\"\/sitio\/wp-json\/wp\/v2\/pages\/730#wpcf7-f895-o1\" method=\"post\" class=\"wpcf7-form init\" aria-label=\"Formulario de contacto\" novalidate=\"novalidate\" data-status=\"init\">\n<div style=\"display: none;\">\n<input type=\"hidden\" name=\"_wpcf7\" value=\"895\" \/>\n<input type=\"hidden\" name=\"_wpcf7_version\" value=\"5.7.7\" \/>\n<input type=\"hidden\" name=\"_wpcf7_locale\" value=\"es_ES\" \/>\n<input type=\"hidden\" name=\"_wpcf7_unit_tag\" value=\"wpcf7-f895-o1\" \/>\n<input type=\"hidden\" name=\"_wpcf7_container_post\" value=\"0\" \/>\n<input type=\"hidden\" name=\"_wpcf7_posted_data_hash\" value=\"\" \/>\n<input type=\"hidden\" name=\"_wpcf7_recaptcha_response\" value=\"\" \/>\n<\/div>\n<p><label> Nombre Completo<br \/>\n<span class=\"wpcf7-form-control-wrap\" data-name=\"your-name\"><input size=\"40\" class=\"wpcf7-form-control wpcf7-text wpcf7-validates-as-required\" aria-required=\"true\" aria-invalid=\"false\" value=\"\" type=\"text\" name=\"your-name\" \/><\/span> <\/label>\n<\/p>\n<p><label>DNI<br \/>\n<span class=\"wpcf7-form-control-wrap\" data-name=\"DNI\"><input class=\"wpcf7-form-control wpcf7-number wpcf7-validates-as-required wpcf7-validates-as-number\" aria-required=\"true\" aria-invalid=\"false\" value=\"\" type=\"number\" name=\"DNI\" \/><\/span><\/label>\n<\/p>\n<p><label> Tu correo electr\u00f3nico<br \/>\n<span class=\"wpcf7-form-control-wrap\" data-name=\"your-email\"><input size=\"40\" class=\"wpcf7-form-control wpcf7-text wpcf7-email wpcf7-validates-as-required wpcf7-validates-as-email\" aria-required=\"true\" aria-invalid=\"false\" value=\"\" type=\"email\" name=\"your-email\" \/><\/span> <\/label>\n<\/p>\n<p><label> Telefono<br \/>\n<span class=\"wpcf7-form-control-wrap\" data-name=\"telefono\"><input size=\"40\" class=\"wpcf7-form-control wpcf7-text wpcf7-tel wpcf7-validates-as-required wpcf7-validates-as-tel\" aria-required=\"true\" aria-invalid=\"false\" value=\"\" type=\"tel\" name=\"telefono\" \/><\/span> <\/label>\n<\/p>\n<p><label> Direccion<br \/>\n<span class=\"wpcf7-form-control-wrap\" data-name=\"direccion\"><input size=\"40\" class=\"wpcf7-form-control wpcf7-text\" aria-invalid=\"false\" value=\"\" type=\"text\" name=\"direccion\" \/><\/span> <\/label>\n<\/p>\n<p><label> Escuela de Egreso<br \/>\n<span class=\"wpcf7-form-control-wrap\" data-name=\"escuela\"><input size=\"40\" class=\"wpcf7-form-control wpcf7-text\" aria-invalid=\"false\" value=\"\" type=\"text\" name=\"escuela\" \/><\/span> <\/label>\n<\/p>\n<p><label>Elegi Carrera<br \/>\n<span class=\"wpcf7-form-control-wrap\" data-name=\"carrera\"><select class=\"wpcf7-form-control wpcf7-select\" aria-invalid=\"false\" name=\"carrera\"><option value=\"Profesorado de Psicologia\">Profesorado de Psicologia<\/option><option value=\"Profesorado de Educacion Musical\">Profesorado de Educacion Musical<\/option><option value=\"Profesorado de Ingles\">Profesorado de Ingles<\/option><option value=\"Profesorado de Educacion Fisica\">Profesorado de Educacion Fisica<\/option><\/select><\/span> <\/label>\n<\/p>\n<p><label>Observaciones u otras consultas?<br \/>\n<span class=\"wpcf7-form-control-wrap\" data-name=\"observacion\"><input size=\"40\" class=\"wpcf7-form-control wpcf7-text\" aria-invalid=\"false\" value=\"\" type=\"text\" name=\"observacion\" \/><\/span> <\/label>\n<\/p>\n<p><input class=\"wpcf7-form-control has-spinner wpcf7-submit\" type=\"submit\" value=\"Enviar\" \/>\n<\/p><p style=\"display: none !important;\"><label>&#916;<textarea name=\"_wpcf7_ak_hp_textarea\" cols=\"45\" rows=\"8\" maxlength=\"100\"><\/textarea><\/label><input type=\"hidden\" id=\"ak_js_1\" name=\"_wpcf7_ak_js\" value=\"123\"\/><script>document.getElementById( \"ak_js_1\" ).setAttribute( \"value\", ( new Date() ).getTime() );<\/script><\/p><div class=\"wpcf7-response-output\" aria-hidden=\"true\"><\/div>\n<\/form>\n<\/div>\n<\/p>\n\n\n<figure class=\"wp-block-gallery has-nested-images columns-default is-cropped wp-block-gallery-1 is-layout-flex\">\n<figure class=\"wp-block-image size-large\"><img decoding=\"async\" loading=\"lazy\" width=\"848\" height=\"840\" data-id=\"1045\"  src=\"https:\/\/institutosuperiorfederal235-ers.infd.edu.ar\/sitio\/wp-content\/uploads\/2023\/10\/requisitos-de-ingreso.jpg\" alt=\"\" class=\"wp-image-1045\" srcset=\"https:\/\/institutosuperiorfederal235-ers.infd.edu.ar\/sitio\/wp-content\/uploads\/2023\/10\/requisitos-de-ingreso.jpg 848w, https:\/\/institutosuperiorfederal235-ers.infd.edu.ar\/sitio\/wp-content\/uploads\/2023\/10\/requisitos-de-ingreso-768x761.jpg 768w\" sizes=\"(max-width: 848px) 100vw, 848px\" \/><\/figure>\n<\/figure>\n\n\n\n<h2 class=\"wp-block-heading\"><strong><em>FICHA M\u00c9DICA OBLIGATORIA PARA INGRESANTES A LA CARRERA DE PROFESORADO DE EDUCACI\u00d3N F\u00cdSICA 2023<\/em><\/strong><\/h2>\n\n\n\n<figure class=\"wp-block-gallery has-nested-images columns-default is-cropped wp-block-gallery-3 is-layout-flex\">\n<figure class=\"wp-block-image size-large\"><img decoding=\"async\" loading=\"lazy\" width=\"1344\" height=\"1900\" data-id=\"1043\"  src=\"https:\/\/institutosuperiorfederal235-ers.infd.edu.ar\/sitio\/wp-content\/uploads\/2023\/10\/PAGINA-1-1344x1900.jpg\" alt=\"\" class=\"wp-image-1043\" srcset=\"https:\/\/institutosuperiorfederal235-ers.infd.edu.ar\/sitio\/wp-content\/uploads\/2023\/10\/PAGINA-1-1344x1900.jpg 1344w, https:\/\/institutosuperiorfederal235-ers.infd.edu.ar\/sitio\/wp-content\/uploads\/2023\/10\/PAGINA-1-707x1000.jpg 707w, https:\/\/institutosuperiorfederal235-ers.infd.edu.ar\/sitio\/wp-content\/uploads\/2023\/10\/PAGINA-1-768x1086.jpg 768w, https:\/\/institutosuperiorfederal235-ers.infd.edu.ar\/sitio\/wp-content\/uploads\/2023\/10\/PAGINA-1-1086x1536.jpg 1086w, https:\/\/institutosuperiorfederal235-ers.infd.edu.ar\/sitio\/wp-content\/uploads\/2023\/10\/PAGINA-1-1448x2048.jpg 1448w, https:\/\/institutosuperiorfederal235-ers.infd.edu.ar\/sitio\/wp-content\/uploads\/2023\/10\/PAGINA-1.jpg 1654w\" sizes=\"(max-width: 1344px) 100vw, 1344px\" \/><\/figure>\n<\/figure>\n\n\n\n<figure class=\"wp-block-gallery has-nested-images columns-default is-cropped wp-block-gallery-5 is-layout-flex\">\n<figure class=\"wp-block-image size-large\"><img decoding=\"async\" loading=\"lazy\" width=\"1344\" height=\"1900\" data-id=\"1044\"  src=\"https:\/\/institutosuperiorfederal235-ers.infd.edu.ar\/sitio\/wp-content\/uploads\/2023\/10\/PAGINA-2-1344x1900.jpg\" alt=\"\" class=\"wp-image-1044\" srcset=\"https:\/\/institutosuperiorfederal235-ers.infd.edu.ar\/sitio\/wp-content\/uploads\/2023\/10\/PAGINA-2-1344x1900.jpg 1344w, https:\/\/institutosuperiorfederal235-ers.infd.edu.ar\/sitio\/wp-content\/uploads\/2023\/10\/PAGINA-2-707x1000.jpg 707w, https:\/\/institutosuperiorfederal235-ers.infd.edu.ar\/sitio\/wp-content\/uploads\/2023\/10\/PAGINA-2-768x1086.jpg 768w, https:\/\/institutosuperiorfederal235-ers.infd.edu.ar\/sitio\/wp-content\/uploads\/2023\/10\/PAGINA-2-1086x1536.jpg 1086w, https:\/\/institutosuperiorfederal235-ers.infd.edu.ar\/sitio\/wp-content\/uploads\/2023\/10\/PAGINA-2-1448x2048.jpg 1448w, https:\/\/institutosuperiorfederal235-ers.infd.edu.ar\/sitio\/wp-content\/uploads\/2023\/10\/PAGINA-2.jpg 1654w\" sizes=\"(max-width: 1344px) 100vw, 1344px\" \/><\/figure>\n<\/figure>\n\n\n\n<h2 class=\"wp-block-heading\">\u00c9STA PLANILLA, TIENE EL CAR\u00c1CTER DE DECLARACI\u00d3N JURADA, POR TAL MOTIVO DEBE SER CERTIFICADA POR UN PROFESIONAL M\u00c9DICO Y SELLADA POR UNA ENTIDAD P\u00daBLICA (HOSPITAL). <\/h2>\n","protected":false},"excerpt":{"rendered":"<p>Formulario para solicitar informaci\u00f3n de las carreras 2024 FICHA M\u00c9DICA OBLIGATORIA PARA INGRESANTES A LA CARRERA DE PROFESORADO DE EDUCACI\u00d3N F\u00cdSICA 2023 \u00c9STA PLANILLA, TIENE EL CAR\u00c1CTER DE DECLARACI\u00d3N JURADA, POR TAL MOTIVO DEBE SER CERTIFICADA POR UN PROFESIONAL M\u00c9DICO Y SELLADA POR UNA ENTIDAD P\u00daBLICA (HOSPITAL).<\/p>\n","protected":false},"author":6,"featured_media":0,"parent":692,"menu_order":0,"comment_status":"closed","ping_status":"closed","template":"","meta":[],"acf":[],"_links":{"self":[{"href":"https:\/\/institutosuperiorfederal235-ers.infd.edu.ar\/sitio\/wp-json\/wp\/v2\/pages\/730"}],"collection":[{"href":"https:\/\/institutosuperiorfederal235-ers.infd.edu.ar\/sitio\/wp-json\/wp\/v2\/pages"}],"about":[{"href":"https:\/\/institutosuperiorfederal235-ers.infd.edu.ar\/sitio\/wp-json\/wp\/v2\/types\/page"}],"author":[{"embeddable":true,"href":"https:\/\/institutosuperiorfederal235-ers.infd.edu.ar\/sitio\/wp-json\/wp\/v2\/users\/6"}],"replies":[{"embeddable":true,"href":"https:\/\/institutosuperiorfederal235-ers.infd.edu.ar\/sitio\/wp-json\/wp\/v2\/comments?post=730"}],"version-history":[{"count":13,"href":"https:\/\/institutosuperiorfederal235-ers.infd.edu.ar\/sitio\/wp-json\/wp\/v2\/pages\/730\/revisions"}],"predecessor-version":[{"id":1047,"href":"https:\/\/institutosuperiorfederal235-ers.infd.edu.ar\/sitio\/wp-json\/wp\/v2\/pages\/730\/revisions\/1047"}],"up":[{"embeddable":true,"href":"https:\/\/institutosuperiorfederal235-ers.infd.edu.ar\/sitio\/wp-json\/wp\/v2\/pages\/692"}],"wp:attachment":[{"href":"https:\/\/institutosuperiorfederal235-ers.infd.edu.ar\/sitio\/wp-json\/wp\/v2\/media?parent=730"}],"curies":[{"name":"wp","href":"https:\/\/api.w.org\/{rel}","templated":true}]}}